{"id":17,"date":"2025-10-29T12:07:14","date_gmt":"2025-10-29T12:07:14","guid":{"rendered":"https:\/\/cipriansafca.ro\/?page_id=17"},"modified":"2025-11-10T16:00:53","modified_gmt":"2025-11-10T16:00:53","slug":"ciprian-safca","status":"publish","type":"page","link":"https:\/\/cipriansafca.ro\/","title":{"rendered":"Home"},"content":{"rendered":"\n<p>Sunt un om c\u0103ruia ii place natura \u0219i aventura, Delta Dun\u0103rii fiind cea care m-a des\u0103v\u00e2r\u0219it prin a fi Ciprian Safca &#8211; Ghid, C\u0103pitan \u0219i Manager activitate turistica \u00een mirifica noastr\u0103 Delta Dunarii!<\/p>\n\n\n\n<p>\u00cen anul 2008 am \u00eenceput sa organizez excursii \u0219i circuite \u00een Delta Dunarii cu plecare din Tulcea ca \u0219i parte a unui venit suplimentar, locuind la acea vreme \u00een ora\u0219ul Constan\u021ba.<\/p>\n\n\n\n<p>\u00cen anul 2015 am hot\u0103r\u00e2t sa ma re\u00eentorc acas\u0103, la Tulcea \u0219i m-am relocat impreuna de familia mea(din care fetita mea doar de 2 luni) \u00een ora\u0219ul meu natal!<\/p>\n\n\n\n<p>Multe lucruri ma leag\u0103 de Tulcea \u0219i Delta Dun\u0103rii, \u00eencep\u00e2nd cu perioada de copilarie, c\u00e2nd \u00eemi petreceam vacantele la Murighiol, la bunicii din partea tat\u0103lui, al\u0103turi de veri\u0219orii mei. A fost a perioada care mi-a insuflat dragostea pentru pescuit \u0219i natura, acolo \u00eencep\u00e2nd pentru prima data sa plimb turi\u0219ti cu barca la v\u00e2sle!<\/p>\n\n\n\n<p>Ciprian Safca &#8211; cunoscut ca \u0219i Ciprian de la Tulcea, devenit un om care pune suflet \u00een ceea ce face \u0219i care \u00eencearc\u0103, prin exemplu sa schimbe mentalit\u0103\u021bi \u00eenvechite \u0219i sa p\u0103streze Delta Dunarii exact asa cum noi am primit-o de la bunicii no\u0219tri!<\/p>\n\n\n\n<p>Multe film\u0103ri din activitatea mea zilnica le puteti g\u0103si pe canalul meu de Youtube, unde pute\u021bi da subscribe <a href=\"https:\/\/youtube.com\/@cipriansafca?si=QusKE5Cy_1XO2mdZ\">AICI!<\/a><\/p>\n\n\n\n<p>O alta perioada frumoas\u0103 care ma leag\u0103 de Tulcea este perioada liceului, eu termin\u00e2nd Liceul Teoretic &#8222;Grigore Moisil&#8221; &#8211; un liceu cu prestanta \u00een educa\u021bia din Municipiul Tulcea! Aici mi-am adus aportul la echipa de handbal a liceului, unde am fost c\u0103pitan \u0219i antrenor secund \u00eencep\u00e2nd cu clasa a 10 pana \u00een clasa a 12-a. Au fost momente frumoase, cu rezultate \u0219i cu multa munca s\u0103pt\u0103m\u00e2nal\u0103 &#8211; ce ne-au format ca oameni de echipa, aici vreau sa-i amintesc pe: Dimi, Zizi, Mihalschi, Bertan, Mihai, George(de la care am preluat banderola de capitan) si restul(ma ierta\u021bi dac\u0103 pe moment nu mi-am adus aminte numele!)!<\/p>\n\n\n\n<p>\u00cencep\u00e2nd cu 2020 sunt Consilier Jude\u021bean \u0219i ma implic activ \u00een schimbarea acestui judet intr-unul mai bun pentru copiii no\u0219tri!<\/p>\n\n\n\n<p>Va invit al\u0103turi de mine \u0219i al\u021bi oameni de bun\u0103 credin\u021b\u0103 sa cl\u0103dim un viitor mai bun \u0219i mai prosper pentru fiecare dintre noi!<\/p>\n\n\n\n<p>CU STIMA,<\/p>\n\n\n\n<p>Ciprian Safca!<\/p>\n","protected":false},"excerpt":{"rendered":"<p>Sunt un om c\u0103ruia ii place natura \u0219i aventura, Delta Dun\u0103rii fiind cea care m-a des\u0103v\u00e2r\u0219it prin a fi Ciprian Safca &#8211; Ghid, C\u0103pitan \u0219i &hellip; <\/p>\n","protected":false},"author":1,"featured_media":28,"parent":0,"menu_order":0,"comment_status":"closed","ping_status":"closed","template":"","meta":{"footnotes":""},"class_list":["post-17","page","type-page","status-publish","has-post-thumbnail","hentry"],"yoast_head":"<!-- This site is optimized with the Yoast SEO plugin v26.2 - https:\/\/yoast.com\/wordpress\/plugins\/seo\/ -->\n<title>Ciprian Safca- capitan &amp; ghid in Delta Dunarii, Manager \u00een turism<\/title>\n<meta name=\"description\" content=\"\u00cencep\u00e2nd cu anul 2008, eu, Ciprian Safca am \u00eenceput sa organizez excursii \u00een Delta Dunarii at\u00e2t cu nave lente, c\u00e2t \u0219i cu nave rapide.\" \/>\n<meta name=\"robots\" content=\"index, follow, max-snippet:-1, max-image-preview:large, max-video-preview:-1\" \/>\n<link rel=\"canonical\" href=\"https:\/\/cipriansafca.ro\/\" \/>\n<meta property=\"og:locale\" content=\"ro_RO\" \/>\n<meta property=\"og:type\" content=\"article\" \/>\n<meta property=\"og:title\" content=\"Ciprian Safca- capitan &amp; ghid in Delta Dunarii, Manager \u00een turism\" \/>\n<meta property=\"og:description\" content=\"\u00cencep\u00e2nd cu anul 2008, eu, Ciprian Safca am \u00eenceput sa organizez excursii \u00een Delta Dunarii at\u00e2t cu nave lente, c\u00e2t \u0219i cu nave rapide.\" \/>\n<meta property=\"og:url\" content=\"https:\/\/cipriansafca.ro\/\" \/>\n<meta property=\"og:site_name\" content=\"About Ciprian-Ionu\u021b Safca\" \/>\n<meta property=\"article:modified_time\" content=\"2025-11-10T16:00:53+00:00\" \/>\n<meta property=\"og:image\" content=\"https:\/\/cipriansafca.ro\/wp-content\/uploads\/2025\/10\/20250408_113509-scaled.jpg\" \/>\n\t<meta property=\"og:image:width\" content=\"2560\" \/>\n\t<meta property=\"og:image:height\" content=\"1441\" \/>\n\t<meta property=\"og:image:type\" content=\"image\/jpeg\" \/>\n<meta name=\"twitter:card\" content=\"summary_large_image\" \/>\n<meta name=\"twitter:label1\" content=\"Timp estimat pentru citire\" \/>\n\t<meta name=\"twitter:data1\" content=\"3 minute\" \/>\n<script type=\"application\/ld+json\" class=\"yoast-schema-graph\">{\"@context\":\"https:\/\/schema.org\",\"@graph\":[{\"@type\":\"WebPage\",\"@id\":\"https:\/\/cipriansafca.ro\/\",\"url\":\"https:\/\/cipriansafca.ro\/\",\"name\":\"Ciprian Safca- capitan & ghid in Delta Dunarii, Manager \u00een turism\",\"isPartOf\":{\"@id\":\"https:\/\/cipriansafca.ro\/#website\"},\"primaryImageOfPage\":{\"@id\":\"https:\/\/cipriansafca.ro\/#primaryimage\"},\"image\":{\"@id\":\"https:\/\/cipriansafca.ro\/#primaryimage\"},\"thumbnailUrl\":\"https:\/\/cipriansafca.ro\/wp-content\/uploads\/2025\/10\/20250408_113509-scaled.jpg\",\"datePublished\":\"2025-10-29T12:07:14+00:00\",\"dateModified\":\"2025-11-10T16:00:53+00:00\",\"description\":\"\u00cencep\u00e2nd cu anul 2008, eu, Ciprian Safca am \u00eenceput sa organizez excursii \u00een Delta Dunarii at\u00e2t cu nave lente, c\u00e2t \u0219i cu nave rapide.\",\"breadcrumb\":{\"@id\":\"https:\/\/cipriansafca.ro\/#breadcrumb\"},\"inLanguage\":\"ro-RO\",\"potentialAction\":[{\"@type\":\"ReadAction\",\"target\":[\"https:\/\/cipriansafca.ro\/\"]}]},{\"@type\":\"ImageObject\",\"inLanguage\":\"ro-RO\",\"@id\":\"https:\/\/cipriansafca.ro\/#primaryimage\",\"url\":\"https:\/\/cipriansafca.ro\/wp-content\/uploads\/2025\/10\/20250408_113509-scaled.jpg\",\"contentUrl\":\"https:\/\/cipriansafca.ro\/wp-content\/uploads\/2025\/10\/20250408_113509-scaled.jpg\",\"width\":2560,\"height\":1441,\"caption\":\"Ciprian Safca - Manager Safca Delta Tours\"},{\"@type\":\"BreadcrumbList\",\"@id\":\"https:\/\/cipriansafca.ro\/#breadcrumb\",\"itemListElement\":[{\"@type\":\"ListItem\",\"position\":1,\"name\":\"Prima pagin\u0103\",\"item\":\"https:\/\/cipriansafca.ro\/\"},{\"@type\":\"ListItem\",\"position\":2,\"name\":\"Home\"}]},{\"@type\":\"WebSite\",\"@id\":\"https:\/\/cipriansafca.ro\/#website\",\"url\":\"https:\/\/cipriansafca.ro\/\",\"name\":\"Ciprian-Ionu\u021b Safca - personal blog\",\"description\":\"Decent \u0219i corect!\",\"publisher\":{\"@id\":\"https:\/\/cipriansafca.ro\/#\/schema\/person\/33546cf423200be38201fb53b8a64cfd\"},\"potentialAction\":[{\"@type\":\"SearchAction\",\"target\":{\"@type\":\"EntryPoint\",\"urlTemplate\":\"https:\/\/cipriansafca.ro\/?s={search_term_string}\"},\"query-input\":{\"@type\":\"PropertyValueSpecification\",\"valueRequired\":true,\"valueName\":\"search_term_string\"}}],\"inLanguage\":\"ro-RO\"},{\"@type\":[\"Person\",\"Organization\"],\"@id\":\"https:\/\/cipriansafca.ro\/#\/schema\/person\/33546cf423200be38201fb53b8a64cfd\",\"name\":\"admin\",\"image\":{\"@type\":\"ImageObject\",\"inLanguage\":\"ro-RO\",\"@id\":\"https:\/\/cipriansafca.ro\/#\/schema\/person\/image\/\",\"url\":\"https:\/\/cipriansafca.ro\/wp-content\/uploads\/2025\/10\/IMG_2951.jpg\",\"contentUrl\":\"https:\/\/cipriansafca.ro\/wp-content\/uploads\/2025\/10\/IMG_2951.jpg\",\"width\":720,\"height\":960,\"caption\":\"admin\"},\"logo\":{\"@id\":\"https:\/\/cipriansafca.ro\/#\/schema\/person\/image\/\"},\"sameAs\":[\"https:\/\/cipriansafca.ro\"]}]}<\/script>\n<!-- \/ Yoast SEO plugin. -->","yoast_head_json":{"title":"Ciprian Safca- capitan & ghid in Delta Dunarii, Manager \u00een turism","description":"\u00cencep\u00e2nd cu anul 2008, eu, Ciprian Safca am \u00eenceput sa organizez excursii \u00een Delta Dunarii at\u00e2t cu nave lente, c\u00e2t \u0219i cu nave rapide.","robots":{"index":"index","follow":"follow","max-snippet":"max-snippet:-1","max-image-preview":"max-image-preview:large","max-video-preview":"max-video-preview:-1"},"canonical":"https:\/\/cipriansafca.ro\/","og_locale":"ro_RO","og_type":"article","og_title":"Ciprian Safca- capitan & ghid in Delta Dunarii, Manager \u00een turism","og_description":"\u00cencep\u00e2nd cu anul 2008, eu, Ciprian Safca am \u00eenceput sa organizez excursii \u00een Delta Dunarii at\u00e2t cu nave lente, c\u00e2t \u0219i cu nave rapide.","og_url":"https:\/\/cipriansafca.ro\/","og_site_name":"About Ciprian-Ionu\u021b Safca","article_modified_time":"2025-11-10T16:00:53+00:00","og_image":[{"width":2560,"height":1441,"url":"https:\/\/cipriansafca.ro\/wp-content\/uploads\/2025\/10\/20250408_113509-scaled.jpg","type":"image\/jpeg"}],"twitter_card":"summary_large_image","twitter_misc":{"Timp estimat pentru citire":"3 minute"},"schema":{"@context":"https:\/\/schema.org","@graph":[{"@type":"WebPage","@id":"https:\/\/cipriansafca.ro\/","url":"https:\/\/cipriansafca.ro\/","name":"Ciprian Safca- capitan & ghid in Delta Dunarii, Manager \u00een turism","isPartOf":{"@id":"https:\/\/cipriansafca.ro\/#website"},"primaryImageOfPage":{"@id":"https:\/\/cipriansafca.ro\/#primaryimage"},"image":{"@id":"https:\/\/cipriansafca.ro\/#primaryimage"},"thumbnailUrl":"https:\/\/cipriansafca.ro\/wp-content\/uploads\/2025\/10\/20250408_113509-scaled.jpg","datePublished":"2025-10-29T12:07:14+00:00","dateModified":"2025-11-10T16:00:53+00:00","description":"\u00cencep\u00e2nd cu anul 2008, eu, Ciprian Safca am \u00eenceput sa organizez excursii \u00een Delta Dunarii at\u00e2t cu nave lente, c\u00e2t \u0219i cu nave rapide.","breadcrumb":{"@id":"https:\/\/cipriansafca.ro\/#breadcrumb"},"inLanguage":"ro-RO","potentialAction":[{"@type":"ReadAction","target":["https:\/\/cipriansafca.ro\/"]}]},{"@type":"ImageObject","inLanguage":"ro-RO","@id":"https:\/\/cipriansafca.ro\/#primaryimage","url":"https:\/\/cipriansafca.ro\/wp-content\/uploads\/2025\/10\/20250408_113509-scaled.jpg","contentUrl":"https:\/\/cipriansafca.ro\/wp-content\/uploads\/2025\/10\/20250408_113509-scaled.jpg","width":2560,"height":1441,"caption":"Ciprian Safca - Manager Safca Delta Tours"},{"@type":"BreadcrumbList","@id":"https:\/\/cipriansafca.ro\/#breadcrumb","itemListElement":[{"@type":"ListItem","position":1,"name":"Prima pagin\u0103","item":"https:\/\/cipriansafca.ro\/"},{"@type":"ListItem","position":2,"name":"Home"}]},{"@type":"WebSite","@id":"https:\/\/cipriansafca.ro\/#website","url":"https:\/\/cipriansafca.ro\/","name":"Ciprian-Ionu\u021b Safca - personal blog","description":"Decent \u0219i corect!","publisher":{"@id":"https:\/\/cipriansafca.ro\/#\/schema\/person\/33546cf423200be38201fb53b8a64cfd"},"potentialAction":[{"@type":"SearchAction","target":{"@type":"EntryPoint","urlTemplate":"https:\/\/cipriansafca.ro\/?s={search_term_string}"},"query-input":{"@type":"PropertyValueSpecification","valueRequired":true,"valueName":"search_term_string"}}],"inLanguage":"ro-RO"},{"@type":["Person","Organization"],"@id":"https:\/\/cipriansafca.ro\/#\/schema\/person\/33546cf423200be38201fb53b8a64cfd","name":"admin","image":{"@type":"ImageObject","inLanguage":"ro-RO","@id":"https:\/\/cipriansafca.ro\/#\/schema\/person\/image\/","url":"https:\/\/cipriansafca.ro\/wp-content\/uploads\/2025\/10\/IMG_2951.jpg","contentUrl":"https:\/\/cipriansafca.ro\/wp-content\/uploads\/2025\/10\/IMG_2951.jpg","width":720,"height":960,"caption":"admin"},"logo":{"@id":"https:\/\/cipriansafca.ro\/#\/schema\/person\/image\/"},"sameAs":["https:\/\/cipriansafca.ro"]}]}},"_links":{"self":[{"href":"https:\/\/cipriansafca.ro\/index.php\/wp-json\/wp\/v2\/pages\/17","targetHints":{"allow":["GET"]}}],"collection":[{"href":"https:\/\/cipriansafca.ro\/index.php\/wp-json\/wp\/v2\/pages"}],"about":[{"href":"https:\/\/cipriansafca.ro\/index.php\/wp-json\/wp\/v2\/types\/page"}],"author":[{"embeddable":true,"href":"https:\/\/cipriansafca.ro\/index.php\/wp-json\/wp\/v2\/users\/1"}],"replies":[{"embeddable":true,"href":"https:\/\/cipriansafca.ro\/index.php\/wp-json\/wp\/v2\/comments?post=17"}],"version-history":[{"count":5,"href":"https:\/\/cipriansafca.ro\/index.php\/wp-json\/wp\/v2\/pages\/17\/revisions"}],"predecessor-version":[{"id":36,"href":"https:\/\/cipriansafca.ro\/index.php\/wp-json\/wp\/v2\/pages\/17\/revisions\/36"}],"wp:featuredmedia":[{"embeddable":true,"href":"https:\/\/cipriansafca.ro\/index.php\/wp-json\/wp\/v2\/media\/28"}],"wp:attachment":[{"href":"https:\/\/cipriansafca.ro\/index.php\/wp-json\/wp\/v2\/media?parent=17"}],"curies":[{"name":"wp","href":"https:\/\/api.w.org\/{rel}","templated":true}]}}